{"id":396,"date":"2014-10-09T09:54:53","date_gmt":"2014-10-09T07:54:53","guid":{"rendered":"http:\/\/www.wamena.at\/?page_id=396"},"modified":"2015-08-27T12:48:30","modified_gmt":"2015-08-27T10:48:30","slug":"imprint-2","status":"publish","type":"page","link":"https:\/\/www.wamena.at\/en\/imprint-2\/","title":{"rendered":"Imprint"},"content":{"rendered":"<p>Inhaber<br \/>\nHerward Auersperg<\/p>\n<p>Felsenstra\u00dfe 24<br \/>\nA-2761 Waidmannsfeld<br \/>\n\u00d6sterreich<\/p>\n<p>Tel: +43 (0)2632 74377<br \/>\nMail: <a href=\"mailto:herward.auersperg@gmx.at\">herward.auersperg@gmx.at<\/a><br \/>\nWeb: <a href=\"http:\/\/www.wamena.at\">www.wamena.at<\/a><\/p>\n<p>Mitglied der Wirtschaftskammer \u00d6sterreich<\/p>\n<p><a class=\"wko\" title=\"Mitglied der Wirtschaftskammer \u00d6sterreich\" href=\"http:\/\/www.wkoecg.at\/Web\/Ecg.aspx?FirmaID=5ac05811-0499-4bd6-9edf-7d7ded08933c\" target=\"_blank\">\u00a0<\/a><\/p>\n<p>&nbsp;<\/p>\n<p>Webdesign &amp; implementation<\/p>\n<p><a href=\"http:\/\/www.cool-it.at\" target=\"_blank\" title=\"cool IT GmbH\">cool IT GmbH<\/a> \u2013 Your partner for individual solutions<\/p>\n<p><a href=\"http:\/\/www.cool-it.at\" target=\"_blank\" title=\"cool IT GmbH\"><img loading=\"lazy\" decoding=\"async\" width=\"60\" height=\"25\" src=\"http:\/\/www.cool-it.at\/images\/Logo_coolIT_oT_web.png\" alt=\"Logo cool IT\" \/><\/a><\/p>\n","protected":false},"excerpt":{"rendered":"<p>Inhaber Herward Auersperg Felsenstra\u00dfe 24 A-2761 Waidmannsfeld \u00d6sterreich Tel: +43 (0)2632 74377 Mail: herward.auersperg@gmx.at Web: www.wamena.at Mitglied der Wirtschaftskammer \u00d6sterreich \u00a0 &nbsp; Webdesign &amp; implementation cool IT GmbH \u2013 Your partner for individual solutions<\/p>\n","protected":false},"author":1,"featured_media":0,"parent":0,"menu_order":0,"comment_status":"closed","ping_status":"closed","template":"template-sidebar-content.php","meta":{"footnotes":""},"class_list":["post-396","page","type-page","status-publish","hentry","column","twocol"],"aioseo_notices":[],"_links":{"self":[{"href":"https:\/\/www.wamena.at\/en\/wp-json\/wp\/v2\/pages\/396","targetHints":{"allow":["GET"]}}],"collection":[{"href":"https:\/\/www.wamena.at\/en\/wp-json\/wp\/v2\/pages"}],"about":[{"href":"https:\/\/www.wamena.at\/en\/wp-json\/wp\/v2\/types\/page"}],"author":[{"embeddable":true,"href":"https:\/\/www.wamena.at\/en\/wp-json\/wp\/v2\/users\/1"}],"replies":[{"embeddable":true,"href":"https:\/\/www.wamena.at\/en\/wp-json\/wp\/v2\/comments?post=396"}],"version-history":[{"count":4,"href":"https:\/\/www.wamena.at\/en\/wp-json\/wp\/v2\/pages\/396\/revisions"}],"predecessor-version":[{"id":446,"href":"https:\/\/www.wamena.at\/en\/wp-json\/wp\/v2\/pages\/396\/revisions\/446"}],"wp:attachment":[{"href":"https:\/\/www.wamena.at\/en\/wp-json\/wp\/v2\/media?parent=396"}],"curies":[{"name":"wp","href":"https:\/\/api.w.org\/{rel}","templated":true}]}}