{"id":394,"date":"2014-10-09T09:54:06","date_gmt":"2014-10-09T07:54:06","guid":{"rendered":"http:\/\/www.wamena.at\/?page_id=394"},"modified":"2014-10-09T09:54:06","modified_gmt":"2014-10-09T07:54:06","slug":"general-terms-and-conditions","status":"publish","type":"page","link":"https:\/\/www.wamena.at\/en\/general-terms-and-conditions\/","title":{"rendered":"General Terms and Conditions"},"content":{"rendered":"<p>General Terms and Conditions (AGB, Allgemeine Gesch\u00e4ftsbedingungen)<\/p>\n<p>Stand\/G\u00fcltigkeit 1. Juli 2014<\/p>\n<p>Herward Auersperg<br \/>\nFelsenstra\u00dfe 24<br \/>\n2761 Waidmannsfeld<br \/>\n\u00d6sterreich<\/p>\n<h3>1. Geltungsbereich<\/h3>\n<p>Mit Vertragsabschluss gelten f\u00fcr alle gegenseitigen Anspr\u00fcche zwischen dem Kunden und Herward Auersperg, im Folgenden kurz Verk\u00e4ufer genannt, diese Allgemeinen Gesch\u00e4ftsbedingungen in ihrer zum Zeitpunkt des jeweiligen Vertragsabschlusses g\u00fcltigen Fassung als vereinbart.<\/p>\n<h3>2. Vertragspartner<\/h3>\n<p>Der Verk\u00e4ufer schlie\u00dft Vertr\u00e4ge mit Kunden ab, die unbeschr\u00e4nkt gesch\u00e4ftsf\u00e4hige nat\u00fcrliche Personen sind, die das 18. Lebensjahr vollendet und ihren Wohnsitz in \u00d6sterreich haben (nachfolgend &#8220;Kunde&#8221; genannt). Soweit das Angebot eines nicht akzeptierten Kunden versehentlich vom Verk\u00e4ufer angenommen wurde, ist der Verk\u00e4ufer binnen einer angemessenen Frist zur Erkl\u00e4rung des R\u00fccktritts vom Vertrag gegen\u00fcber diesem Kunden berechtigt.<\/p>\n<h3>3. Vertragsabschluss\/R\u00fccktrittsrecht (R\u00fcckgabebedingungen)<\/h3>\n<p>3.1 Der Vertrag kommt durch Annahmeerkl\u00e4rung in Form einer Bestellbest\u00e4tigung oder tats\u00e4chliche Lieferung der bestellten Ware oder durch Vereinbarung zur Erbringung einer Dienstleistung zustande. 3.2 R\u00fccktritt durch ausdr\u00fcckliche schriftliche Erkl\u00e4rung: Jeder Kunde kann binnen 14 Tagen nach Erhalt der Ware durch Absenden einer schriftlichen R\u00fccktrittserkl\u00e4rung ohne Angaben von Gr\u00fcnden vom geschlossenen Vertrag zur\u00fccktreten. Daf\u00fcr gen\u00fcgt es, wenn die R\u00fccktrittserkl\u00e4rung innerhalb dieser Frist abgesendet wird (es entscheidet das Datum des Postaufgabescheines). Der Kunde ist in diesem Fall zur unverz\u00fcglichen R\u00fccksendung der Ware nachweislich verpflichtet. Die R\u00fcckversandkosten (Porto) sind vom Kunden zu tragen. Wurde die Ware ben\u00fctzt und\/oder, besch\u00e4digt hat der Kunde ein angemessenes Entgelt f\u00fcr die Ben\u00fctzung einschlie\u00dflich einer angemessenen Entsch\u00e4digung f\u00fcr die entstandenen Sch\u00e4den \u2013 maximal in H\u00f6he des Warenwertes \u2013 an den Verk\u00e4ufer zu zahlen. Die R\u00fccktrittserkl\u00e4rung ist an folgende Adresse zu senden: &#8211; Brief\/Paket: Herward Auersperg, Felsenstra\u00dfe 24, 2761 Waidmannsfeld &#8211; Telefax: +43 (0)2632 74377 3.3 R\u00fccktritt durch schlichte R\u00fccksendung der Ware: Der Kunde kann sein R\u00fccktrittsrecht<\/p>\n<p>auch dadurch aus\u00fcben, dass er lediglich die Ware innerhalb von 14 Tagen nach Erhalt ohne schriftliche R\u00fccktrittserkl\u00e4rung an den Verk\u00e4ufer nachweislich zur\u00fcckschickt. F\u00fcr eine Wahrung der Frist gen\u00fcgt in diesem Fall die nachweislich rechtzeitige Absendung der Ware. Voraussetzung f\u00fcr diese Form der Aus\u00fcbung des R\u00fccktrittsrechtes durch schlichte R\u00fccksendung der Ware ist, dass die Ware nicht besch\u00e4digt oder gebraucht ist sowie die R\u00fccksendung ausreichend frankiert erfolgt. Ausschlie\u00dflich bei einer Falschlieferung oder mangelhaften Lieferung tr\u00e4gt der Verk\u00e4ufer die R\u00fcckversandkosten (Porto). 3.4 Die Gefahr der R\u00fccksendung sowie dessen Nachweis liegen jeweils beim Kunden. Im Falle eines R\u00fccktrittes des Kunden (durch ausdr\u00fcckliche Erkl\u00e4rung oder schlichte R\u00fccksendung der Ware), zahlt der Verk\u00e4ufer umgehend den bereits entrichteten Kaufpreis zur\u00fcck \u2013 Versand- und Verpackungskosten werden nicht r\u00fcckerstattet.<\/p>\n<h3>4. Verf\u00fcgbarkeitsvorbehalt<\/h3>\n<p>Sollte der Verk\u00e4ufer nach Vertragsabschluss feststellen, dass die bestellte Ware nicht mehr verf\u00fcgbar ist, oder aus rechtlichen Gr\u00fcnden nicht geliefert werden kann, weil der Hersteller diese Ware aus Gr\u00fcnden der Insolvenz oder einer Betriebsschlie\u00dfung nicht mehr produziert oder vertreibt, kann der Verk\u00e4ufer entweder eine in Qualit\u00e4t und Preis gleichwertige Ware anbieten oder liefern, wenn die in Qualit\u00e4t und Preis gleichwertige angebotene oder gelieferte Ware von der bestellten Ware nur geringf\u00fcgig (beispielsweise Farbe, Hersteller) bei gleicher Funktion abweicht, oder entsch\u00e4digungslos vom Vertrag zur\u00fccktreten. Bereits erhaltene Zahlungen wird der Verk\u00e4ufer umgehend nach einem R\u00fccktritt vom Vertrag an den Kunden r\u00fcckerstatten.<\/p>\n<h3>5. Druck-\/Satzfehler<\/h3>\n<p>Sollte der Verk\u00e4ufer nachtr\u00e4glich feststellen, dass die Produktangaben fehlerhaft waren, kann der Kunde den Auftrag unter den g\u00fcltigen Konditionen nochmals ausdr\u00fccklich schriftlich oder konkludent durch Zahlung des vorgeschriebenen Preises best\u00e4tigen. Andernfalls ist der Verk\u00e4ufer zum sofortigen R\u00fccktritt vom Vertrag berechtigt, sollte bereits eine Vertragsannahme erfolgt sein. Ausgeschlossen sind in diesem Fall Schadenersatzanspr\u00fcche, wobei davon Vorsatz und grobe Fahrl\u00e4ssigkeit, sowie Personensch\u00e4den ausgenommen sind.<\/p>\n<h3>6. Lieferung<\/h3>\n<p>6.1 Die Lieferung der Ware erfolgt auf Kosten und Gefahr des Kunden. Das Lieferservice erfolgt \u00fcber die Post AG oder andere Logistikpartner. Sollte es nach 2 Zustellversuchen zu keiner \u00dcbernahme des Paketes kommen, tr\u00e4gt der Kunde die zus\u00e4tzlichen Kosten. 6.2 Soweit die bestellte Ware verf\u00fcgbar ist, gelten die gesetzlichen Lieferfristen, sofern nichts anderes vereinbart wurde. Bei speziell f\u00fcr den Kunden angefertigten Waren oder personalisierten Waren betr\u00e4gt die Lieferfrist 3 Wochen. Angegebene Lieferfristen sind unverbindlich, au\u00dfer sie wurden ausdr\u00fccklich als verbindlich erkl\u00e4rt. Bei Lieferung gegen Vorauskasse wird die Ware erst nach Zahlungseingang versandt. 6.3 Unvollst\u00e4ndige Lieferungen oder Besch\u00e4digungen auf dem Transportweg, sowie Sch\u00e4den trotz ordnungsgem\u00e4\u00dfer Verpackung hat der Kunde innerhalb von 24 Stunden beim zust\u00e4ndigen Postamt bzw. Zustellunternehmen zu beanstanden. Die Vorlage der erstellten Niederschrift ist Voraussetzung f\u00fcr die Ersatzlieferung.<\/p>\n<h3>7. Preis und Zahlungsbedingungen<\/h3>\n<p>7.1 Die angegebenen Preise des Verk\u00e4ufers sind als Endpreise zu verstehen, d.h. sie beinhalten s\u00e4mtliche Preisbestandteile, einschlie\u00dflich der gesetzlichen Mehrwertsteuer, die im Bedarfsfall wiederum gesondert ausgewiesen wird. Zu den Preisbestandteilen geh\u00f6ren auch Verpackungs- und Versandkosten, die bei der jeweiligen Produktdarstellung im Angebot gesondert ausgezeichnet sind. Andere Preisbestandteile fallen im Einzelfall bei grenz\u00fcberschreitenden Lieferungen an, wie z.B. weitere Steuern (etwa im Fall eines innergemeinschaftlichen Erwerbs) und\/oder Abgaben, etwa in Form von Z\u00f6llen. 7.2 Rechnungen des Verk\u00e4ufers sind je nach Vereinbarung per Vorauskasse, Kreditkarte, Paypal oder in bar zahlbar. 7.3 Ist Vorauskasse vereinbart, ist die Zahlung innerhalb von 7 (sieben) Tagen nach Vertragsabschluss zu leisten. Ma\u00dfgeblich ist der Zeitpunkt des Geldeingangs beim Verk\u00e4ufer. Der Kaufpreis ist innerhalb von 10 (zehn) Tagen ab Erhalt der ersten Zahlungsaufforderung ohne Abzug zu zahlen, sofern nicht anderes vereinbart ist. 7.4 Zahlungen mit befreiender Wirkung k\u00f6nnen nur \u00fcber das Paypalkonto, Kreditkarte oder in bar erfolgen. 7.5 Der Kunde ist zur Aufrechnung nur dann berechtigt, wenn die Gegenforderung unbestritten, rechtskr\u00e4ftig festgestellt oder vom Verk\u00e4ufer anerkannt ist. 7.6 Der Kunde kann ein Zur\u00fcckbehaltungsrecht nur aus\u00fcben, soweit es sich um Forderungen aus demselben Vertragsverh\u00e4ltnis handelt.<\/p>\n<h3>8. Eigentumsvorbehalt<\/h3>\n<p>Die gelieferte Ware bleibt bis zur vollst\u00e4ndigen Bezahlung im Eigentum des Verk\u00e4ufers.<\/p>\n<h3>9. Gew\u00e4hrleistung<\/h3>\n<p>Liegt ein Mangel der Kaufsache vor, gelten die gesetzlichen Vorschriften. Hiervon abweichend gilt: 9.1 F\u00fcr Unternehmer: \u2022 begr\u00fcndet ein unwesentlicher Mangel grunds\u00e4tzlich keine M\u00e4ngelanspr\u00fcche, \u2022 hat der Verk\u00e4ufer die Wahl der Art der Nacherf\u00fcllung, \u2022 betr\u00e4gt bei neuen Waren die Verj\u00e4hrungsfrist f\u00fcr M\u00e4ngel ein Jahr ab Gefahr\u00fcbergang. \u2022 sind bei gebrauchten Waren die Rechte und Anspr\u00fcche wegen M\u00e4ngeln grunds\u00e4tzlich ausgeschlossen. \u2022 beginnt die Verj\u00e4hrung nicht erneut, wenn im Rahmen der M\u00e4ngelhaftung eine Ersatzlieferung erfolgt. 9.2 F\u00fcr Verbraucher betr\u00e4gt die Verj\u00e4hrungsfrist f\u00fcr M\u00e4ngelanspr\u00fcche: Bei neuen Waren zwei Jahre ab Ablieferung der Ware an den Kunden. Bei gebrauchten Waren ein Jahr ab Ablieferung der Ware an den Kunden. 9.3 F\u00fcr Unternehmer bleiben die gesetzlichen Verj\u00e4hrungsfristen f\u00fcr den R\u00fcckgriffsanspruch nach \u00a7 478 BGB unber\u00fchrt, gleiches gilt f\u00fcr Unternehmer und Verbraucher bei einer vors\u00e4tzlicher Pflichtverletzung und arglistigem Verschweigen eines Mangels.<\/p>\n<p>9.4 Dar\u00fcber hinaus gilt f\u00fcr Unternehmer und Verbraucher, dass die vorstehenden Haftungsbeschr\u00e4nkungen in Ziffer 9.1 und Ziffer 9.2 sich nicht auf Schadens- und Aufwendungsersatzanspr\u00fcche beziehen, die der K\u00e4ufer nach den gesetzlichen Vorschriften wegen M\u00e4ngeln geltend machen kann. F\u00fcr diese Anspr\u00fcche gilt Ziffer 10. 9.5 Ist der Kunde Kaufmann i.S.d. \u00a7 1 HGB, trifft ihn die kaufm\u00e4nnische Untersuchungs- und R\u00fcgepflicht gem\u00e4\u00df \u00a7 377 HGB. Unterl\u00e4sst der Kunde die dort geregelten Anzeigepflichten, gilt die Ware als genehmigt. 9.6 Ist der Kunde Verbraucher, so wird er gebeten, angelieferte Waren mit offensichtlichen Transportsch\u00e4den bei dem Zusteller zu reklamieren und hiervon den Verk\u00e4ufer in Kenntnis zu setzen. Kommt der Kunde dem nicht nach, hat dies keinerlei Auswirkungen auf seine gesetzlichen oder vertraglichen M\u00e4ngelanspr\u00fcche. 9.7 Ist die Nacherf\u00fcllung im Wege der Ersatzlieferung erfolgt, ist der Kunde dazu verpflichtet, die zuerst gelieferte Ware innerhalb von 30 Tagen an den Verk\u00e4ufer auf dessen Kosten zur\u00fcckzusenden. Die R\u00fccksendung der mangelhaften Ware hat nach den gesetzlichen Vorschriften zu erfolgen. 9.8 Die Abtretung der M\u00e4ngelanspr\u00fcche des Kunden ist ausgeschlossen.<\/p>\n<h3>10. Haftung<\/h3>\n<p>10.1 Der Verk\u00e4ufer haftet in F\u00e4llen positiver Forderungsverletzung, Verschulden bei Vertragsabschluss, Verzug, Unm\u00f6glichkeit, unerlaubter Handlung sowie aus sonstigem Rechtsgrund lediglich bei Vorsatz und grober Fahrl\u00e4ssigkeit, ausgenommen bei Personensch\u00e4den. Mittelbare Sch\u00e4den (Drittsch\u00e4den), sowie weitergehende Gew\u00e4hrleistungsanspr\u00fcche, sowie Anspr\u00fcche wegen Mangelfolgesch\u00e4den (wie etwa Fahrtkosten, Zeitersatz, etc.), sind mit Ausnahme von Personensch\u00e4den oder Sch\u00e4den an zur Bearbeitung \u00fcbernommenen Sachen, sowie in F\u00e4llen von Vorsatz und grober Fahrl\u00e4ssigkeit, ausgeschlossen. 10.2 Der Umfang einer Haftung vom Verk\u00e4ufer nach dem Produkthaftungsgesetz bleibt unber\u00fchrt. 10.3 Sofern der Verk\u00e4ufer fahrl\u00e4ssig eine unwesentliche Vertragspflicht verletzt hat, ist die Ersatzpflicht auf den Auftragswert begrenzt.<\/p>\n<h3>11. Datenschutz<\/h3>\n<p>11.1 Personenbezogene Daten werden nur erhoben und gespeichert, wenn sie der Kunde dem Verk\u00e4ufer zur Vertragsabwicklung zur Verf\u00fcgung stellt. Die bei dieser Gelegenheit eingegebenen personenbezogenen Daten werden zur Vertragsabwicklung sowie zur Bearbeitung der Anfragen des Kunden genutzt. 11.2 Die personenbezogenen Daten des Kunden werden im Rahmen der Vertragsabwicklung an das mit der Lieferung beauftragte Transportunternehmen weitergegeben, soweit dies zur Lieferung der Ware erforderlich ist. Zur Abwicklung von Zahlungen geben wir Ihre Zahlungsdaten an das mit der Zahlung beauftragte Kreditinstitut weiter.<\/p>\n<p>11.4 Google Analytics &#8211; \u201eDiese Website benutzt Google Analytics, einen Webanalysedienst der Google Inc. (\u201eGoogle&#8221;). Google Analytics verwendet sog. \u201eCookies&#8221;, Textdateien, die auf Ihrem Computer gespeichert werden und die eine Analyse der Benutzung der Website durch Sie erm\u00f6glichen. Die durch den Cookie erzeugten Informationen \u00fcber Ihre Benutzung dieser Website (einschlie\u00dflich Ihrer IP-Adresse) werden an einen Server von Google in den USA \u00fcbertragen und dort gespeichert. Google wird diese Informationen benutzen, um Ihre Nutzung der Website auszuwerten, um Reports \u00fcber die Websiteaktivit\u00e4ten f\u00fcr die Websitebetreiber zusammenzustellen und um weitere mit der Websitenutzung und der Internetnutzung verbundene Dienstleistungen zu erbringen. Auch wird Google diese Informationen gegebenenfalls an Dritte \u00fcbertragen, sofern dies gesetzlich vorgeschrieben oder soweit Dritte diese Daten im Auftrag von Google verarbeiten. Google wird in keinem Fall Ihre IP-Adresse mit anderen Daten von Google in Verbindung bringen. Sie k\u00f6nnen die Installation der Cookies durch eine entsprechende Einstellung Ihrer Browser Software verhindern; wir weisen Sie jedoch darauf hin, dass Sie in diesem Fall gegebenenfalls nicht s\u00e4mtliche Funktionen dieser Website vollumf\u00e4nglich nutzen k\u00f6nnen. Durch die Nutzung dieser Website erkl\u00e4ren Sie sich mit der Bearbeitung der \u00fcber Sie erhobenen Daten durch Google in der zuvor beschriebenen Art und Weise und zu dem zuvor benannten Zweck einverstanden.&#8221; Soweit Google Adsense, einen Webanzeigendienst der Google Inc., USA (&#8220;Google&#8221;), auf dieser Website Werbung (Textanzeigen, Banner etc.) schaltet, speichert Ihr Browser eventuell ein von Google Inc. oder Dritten gesendetes Cookie. Die in dem Cookie gespeicherten Informationen k\u00f6nnen durch Google Inc. oder auch Dritte aufgezeichnet, gesammelt und ausgewertet werden. Dar\u00fcber hinaus verwendet Google Adsense zur Sammlung von Informationen auch sog. &#8220;WebBacons&#8221; (kleine unsichtbare Grafiken), durch deren Verwendung einfache Aktionen wie der Besucherverkehr auf der Webseite aufgezeichnet, gesammelt und ausgewertet werden k\u00f6nnen. Die durch den Cookie und\/oder Web Bacon erzeugten Informationen \u00fcber Ihre Nutzung dieser Website werden an einen Server von Google in den USA \u00fcbertragen und dort gespeichert. Google benutzt die so erhaltenen Informationen, um eine Auswertung Ihres Nutzungsverhaltens im Hinblick auf die AdSense-Anzeigen durchzuf\u00fchren. Google wird diese Informationen gegebenenfalls auch an Dritte \u00fcbertragen, sofern dies gesetzlich vorgeschrieben ist oder soweit Dritte diese Daten im Auftrag von Google verarbeiten. Ihre IP-Adresse wird von Google nicht mit anderen von Google gespeicherten Daten in Verbindung gebracht. Sie k\u00f6nnen das Speichern von Cookies auf Ihrer Festplatte und die Anzeige von Web Bacons verhindern. Dazu m\u00fcssen Sie in Ihren Browser-Einstellungen &#8220;keine Cookies akzeptieren&#8221; w\u00e4hlen (Im Internet-Explorer unter &#8220;Extras \/ Internetoptionen \/ Datenschutz \/ Einstellung&#8221;, bei Firefox unter &#8220;Extras \/ Einstellungen \/ Datenschutz \/ Cookies&#8221;). Ansonsten erfolgt keine Weitergabe der personenbezogenen Daten des Kunden an Dritte. 11.5 Nach vollst\u00e4ndiger Abwicklung des Vertrages und vollst\u00e4ndiger Kaufpreisbezahlung werden die Daten des Kunden mit R\u00fccksicht auf steuer- und handelsrechtliche Aufbewahrungsfristen gespeichert, nach Ablauf dieser Fristen jedoch gel\u00f6scht, sofern der Kunde in die weitere Verwendung seiner Daten nicht ausdr\u00fccklich eingewilligt hat. 11.6 Nach dem Bundesdatenschutzgesetz haben Sie ein Recht auf unentgeltliche Auskunft \u00fcber Ihre gespeicherten Daten sowie ggf. ein Recht auf Berichtigung, Sperrung oder L\u00f6schung dieser Daten. Wenn Sie uns Ihre personenbezogenen Daten \u00fcberlassen haben, \u00fcber diese Auskunft, eine Berichtigung oder L\u00f6schung t\u00e4tigen m\u00f6chten, senden Sie uns eine entsprechende Nachricht an: herward.auersperg@gmx.at. 11.7 Auf verschiedenen Seiten verwenden wir Cookies, um den Besuch unserer Website attraktiv zu gestalten und die Nutzung bestimmter Funktionen zu erm\u00f6glichen. Hierbei<\/p>\n<p>handelt es sich um kleine Textdateien, die auf Ihrem Rechner abgelegt werden. Die meisten der von uns verwendeten Cookies werden nach Ende der Browser-Sitzung wieder von Ihrer Festplatte gel\u00f6scht (sog. Sitzungs-Cookies). Andere Cookies verbleiben auf Ihrem Rechner und erm\u00f6glichen es uns, Ihren Rechner bei Ihrem n\u00e4chsten Besuch wieder zu erkennen (sog. dauerhafte- Cookies). Unseren Partnerunternehmen ist es nicht gestattet, \u00fcber unsere Website personenbezogene Daten mittels Cookies zu erheben, zu verarbeiten oder zu nutzen. 11.8 Widerruf von Einwilligungen. Die nachstehende Einwilligung haben Sie ggf. ausdr\u00fccklich erteilt. Wir m\u00f6chten Sie darauf hinweisen, dass Sie Ihre Einwilligung jederzeit mit Wirkung f\u00fcr die Zukunft widerrufen k\u00f6nnen. 11.9 Erlaubnis zur E-Mail-Werbung &#8211; Newsletter abonnieren. Wir m\u00f6chten Sie darauf hinweisen, dass Sie Ihre Einwilligung zum Newsletter jederzeit mit Wirkung f\u00fcr die Zukunft widerrufen k\u00f6nnen. Bei Anmeldung zum Newsletter wird Ihre Email- Adresse mit Ihrer Einwilligung f\u00fcr eigene Werbezwecke genutzt, bis Sie sich vom Newsletter abmelden.<\/p>\n<h3>12. Daten\u00e4nderung<\/h3>\n<p>Der Kunde hat dem Verk\u00e4ufer \u00c4nderungen seiner Liefer-\/Rechnungs-\/Kontaktadresse, sowie seiner personenbezogenen Daten (beispielsweise bei Namens\u00e4nderung), die er dem Verk\u00e4ufer im Zuge seiner Bestellung angegeben hat, unverz\u00fcglich bekannt zu geben, solange das vertragsgegenst\u00e4ndliche Rechtsgesch\u00e4ft nicht beiderseitig erf\u00fcllt ist. Wird diese Mitteilung vom Kunden unterlassen, so gelten ihm Erkl\u00e4rungen auch dann als zugegangen, falls sie an seine zuletzt bekannt gegebene Adresse\/Daten versendet wurden.<\/p>\n<h3>13. Rechtswahl<\/h3>\n<p>13.1 F\u00fcr s\u00e4mtliche Rechtsbeziehungen der Parteien gilt das Recht der Republik \u00d6sterreich unter Ausschluss der Gesetze \u00fcber den internationalen Kauf beweglicher Waren. Bei Verbrauchern gilt diese Rechtswahl nur insoweit, als nicht der gew\u00e4hrte Schutz durch zwingende Bestimmungen des Rechts des Staates, in dem der Verbraucher seinen gew\u00f6hnlichen Aufenthalt hat, entzogen wird. 13.2 Ist der Kunde Kaufmann, juristische Person des \u00f6ffentlichen Rechts oder \u00f6ffentlich-rechtliches Sonderverm\u00f6gen, ist ausschlie\u00dflicher Gerichtsstand f\u00fcr alle Streitigkeiten aus diesem Vertrag der Gesch\u00e4ftssitz des Verk\u00e4ufers. Dasselbe gilt, wenn der Kunde keinen allgemeinen Gerichtsstand in Deutschland oder der EU hat oder Wohnsitz oder gew\u00f6hnlicher Aufenthalt im Zeitpunkt der Klageerhebung nicht bekannt sind. Die Befugnis, auch das Gericht an einem anderen gesetzlichen Gerichtsstand anzurufen bleibt hiervon unber\u00fchrt. Die Vertragssprache ist Deutsch.<\/p>\n","protected":false},"excerpt":{"rendered":"<p>General Terms and Conditions (AGB, Allgemeine Gesch\u00e4ftsbedingungen) Stand\/G\u00fcltigkeit 1. Juli 2014 Herward Auersperg Felsenstra\u00dfe 24 2761 Waidmannsfeld \u00d6sterreich 1. Geltungsbereich Mit Vertragsabschluss gelten f\u00fcr alle gegenseitigen Anspr\u00fcche zwischen dem Kunden und Herward Auersperg, im Folgenden kurz Verk\u00e4ufer genannt, diese Allgemeinen Gesch\u00e4ftsbedingungen in ihrer zum Zeitpunkt des jeweiligen Vertragsabschlusses g\u00fcltigen Fassung &#8230;<\/p>\n","protected":false},"author":1,"featured_media":0,"parent":0,"menu_order":0,"comment_status":"closed","ping_status":"closed","template":"template-sidebar-content.php","meta":{"footnotes":""},"class_list":["post-394","page","type-page","status-publish","hentry","column","twocol"],"aioseo_notices":[],"_links":{"self":[{"href":"https:\/\/www.wamena.at\/en\/wp-json\/wp\/v2\/pages\/394","targetHints":{"allow":["GET"]}}],"collection":[{"href":"https:\/\/www.wamena.at\/en\/wp-json\/wp\/v2\/pages"}],"about":[{"href":"https:\/\/www.wamena.at\/en\/wp-json\/wp\/v2\/types\/page"}],"author":[{"embeddable":true,"href":"https:\/\/www.wamena.at\/en\/wp-json\/wp\/v2\/users\/1"}],"replies":[{"embeddable":true,"href":"https:\/\/www.wamena.at\/en\/wp-json\/wp\/v2\/comments?post=394"}],"version-history":[{"count":1,"href":"https:\/\/www.wamena.at\/en\/wp-json\/wp\/v2\/pages\/394\/revisions"}],"predecessor-version":[{"id":395,"href":"https:\/\/www.wamena.at\/en\/wp-json\/wp\/v2\/pages\/394\/revisions\/395"}],"wp:attachment":[{"href":"https:\/\/www.wamena.at\/en\/wp-json\/wp\/v2\/media?parent=394"}],"curies":[{"name":"wp","href":"https:\/\/api.w.org\/{rel}","templated":true}]}}