{"id":253,"date":"2014-06-12T13:11:25","date_gmt":"2014-06-12T11:11:25","guid":{"rendered":"http:\/\/www.wamena.at\/?page_id=253"},"modified":"2020-01-28T14:01:40","modified_gmt":"2020-01-28T12:01:40","slug":"company-tour-presentations","status":"publish","type":"page","link":"https:\/\/www.wamena.at\/en\/company-tour-presentations\/","title":{"rendered":"Company tour &#038; presentations"},"content":{"rendered":"<p><img loading=\"lazy\" decoding=\"async\" class=\"alignnone wp-image-408 size-full\" src=\"http:\/\/www.wamena.at\/wp-content\/uploads\/2014\/10\/Bild-2.jpg\" alt=\"WAMENA Betriebsbesichtigung\" width=\"600\" height=\"200\" srcset=\"https:\/\/www.wamena.at\/wp-content\/uploads\/2014\/10\/Bild-2.jpg 600w, https:\/\/www.wamena.at\/wp-content\/uploads\/2014\/10\/Bild-2-300x100.jpg 300w\" sizes=\"auto, (max-width: 600px) 100vw, 600px\" \/><\/p>\n<p>TODO: englische \u00dcbersetzung wird noch geliefert&#8230;<\/p>\n<p><strong>Betriebsbesichtigungen<\/strong> werden f\u00fcr Interessierte nach Voranmeldung unter +43 (0)2632 74377 <strong>ganzj\u00e4hrig<\/strong> angeboten. Spontanbesuche sind nicht m\u00f6glich, weil ich nicht st\u00e4ndig am Hof anwesend bin bzw. St\u00f6rungen in manchen Phasen der Kompostentwicklung kontraproduktiv sind.<\/p>\n<p>Die maximale Gruppengr\u00f6\u00dfe betr\u00e4gt 30 Personen.<\/p>\n<p>Die \u201eBetriebsbesichtigung klein\u201c beinhaltet einen Rundgang in der Anlage inklusive Erkl\u00e4rungen.<br \/>\nDie \u201eBetriebsbesichtigung gro\u00df\u201c inkludiert zus\u00e4tzlich einen Vortrag \u00fcber die Entstehungsgeschichte mit den wichtigsten Stationen und unterst\u00fctzender Bilddokumentation.<\/p>\n<p>Weiters k\u00f6nnen Sie mich auch f\u00fcr <strong>Vortr\u00e4ge<\/strong> auf Ihren <strong>Veranstaltungen<\/strong> buchen. Die Details dazu und die Terminabstimmung vereinbaren wir am besten pers\u00f6nlich bei mir am Hof oder unter der Telefonnummer +43 (0)2632 74377.<\/p>\n<p>&nbsp;<\/p>\n<p>The more than 30-year history of WAMENA.<\/p>\n<p><a href=\"https:\/\/www.youtube.com\/watch?v=iqDr3kmYkY8&amp;t=144s\" target=\"_blank\" rel=\"noopener noreferrer\">WAMENA Water the Memory of Nature on YouTube&#8230;<\/a><\/p>\n","protected":false},"excerpt":{"rendered":"<p>TODO: englische \u00dcbersetzung wird noch geliefert&#8230; Betriebsbesichtigungen werden f\u00fcr Interessierte nach Voranmeldung unter +43 (0)2632 74377 ganzj\u00e4hrig angeboten. Spontanbesuche sind nicht m\u00f6glich, weil ich nicht st\u00e4ndig am Hof anwesend bin bzw. St\u00f6rungen in manchen Phasen der Kompostentwicklung kontraproduktiv sind. Die maximale Gruppengr\u00f6\u00dfe betr\u00e4gt 30 Personen. Die \u201eBetriebsbesichtigung klein\u201c beinhaltet einen &#8230;<\/p>\n","protected":false},"author":1,"featured_media":0,"parent":0,"menu_order":0,"comment_status":"closed","ping_status":"closed","template":"template-sidebar-content.php","meta":{"footnotes":""},"class_list":["post-253","page","type-page","status-publish","hentry","column","twocol"],"aioseo_notices":[],"_links":{"self":[{"href":"https:\/\/www.wamena.at\/en\/wp-json\/wp\/v2\/pages\/253","targetHints":{"allow":["GET"]}}],"collection":[{"href":"https:\/\/www.wamena.at\/en\/wp-json\/wp\/v2\/pages"}],"about":[{"href":"https:\/\/www.wamena.at\/en\/wp-json\/wp\/v2\/types\/page"}],"author":[{"embeddable":true,"href":"https:\/\/www.wamena.at\/en\/wp-json\/wp\/v2\/users\/1"}],"replies":[{"embeddable":true,"href":"https:\/\/www.wamena.at\/en\/wp-json\/wp\/v2\/comments?post=253"}],"version-history":[{"count":5,"href":"https:\/\/www.wamena.at\/en\/wp-json\/wp\/v2\/pages\/253\/revisions"}],"predecessor-version":[{"id":626,"href":"https:\/\/www.wamena.at\/en\/wp-json\/wp\/v2\/pages\/253\/revisions\/626"}],"wp:attachment":[{"href":"https:\/\/www.wamena.at\/en\/wp-json\/wp\/v2\/media?parent=253"}],"curies":[{"name":"wp","href":"https:\/\/api.w.org\/{rel}","templated":true}]}}